{"id":85,"date":"2025-04-25T13:18:11","date_gmt":"2025-04-25T11:18:11","guid":{"rendered":"https:\/\/doapp.be\/?page_id=85"},"modified":"2025-05-23T23:31:54","modified_gmt":"2025-05-23T21:31:54","slug":"maths","status":"publish","type":"page","link":"https:\/\/doapp.be\/index.php\/maths\/","title":{"rendered":"Maths"},"content":{"rendered":"\n<div class=\"wp-block-buttons is-layout-flex wp-block-buttons-is-layout-flex\">\n<div class=\"wp-block-button\"><a class=\"wp-block-button__link wp-element-button\" href=\"#1CCh1\">1C Ch1 &#8211; Les ensembles de nombres<\/a><\/div>\n\n\n\n<div class=\"wp-block-button\"><a class=\"wp-block-button__link wp-element-button\" href=\"#1CCh2\">1C Ch2 &#8211; Figures g\u00e9om\u00e9triques \u00e9l\u00e9mentaires<\/a><\/div>\n\n\n\n<div class=\"wp-block-button\"><a class=\"wp-block-button__link wp-element-button\" href=\"#1CCh3\">1C Ch3 &#8211; Diviseurs et multiples<\/a><\/div>\n\n\n\n<div class=\"wp-block-button\"><a class=\"wp-block-button__link wp-element-button\" href=\"#2CCh1\">2C Ch1 &#8211; Les puissances<\/a><\/div>\n\n\n\n<div class=\"wp-block-button\"><a class=\"wp-block-button__link wp-element-button\" href=\"#2CCh2\">2C Ch2 &#8211; Les transformations du plan<\/a><\/div>\n\n\n\n<div class=\"wp-block-button\"><a class=\"wp-block-button__link wp-element-button\" href=\"#2CCh3\">2C Ch3 &#8211; Autour de la divisibilit\u00e9<\/a><\/div>\n\n\n\n<div class=\"wp-block-button\"><a class=\"wp-block-button__link wp-element-button\" href=\"#2CCh4\">2C Ch4 &#8211; Les rationnels<\/a><\/div>\n<\/div>\n\n\n\n<hr class=\"wp-block-separator has-alpha-channel-opacity is-style-wide\" style=\"margin-top:var(--wp--preset--spacing--60);margin-bottom:var(--wp--preset--spacing--60)\"\/>\n\n\n\n<h3 class=\"wp-block-heading\" id=\"1CM\">1\u00e8re commune<\/h3>\n\n\n\n<h4 class=\"wp-block-heading\" id=\"1CCh1\">Chapitre 1 &#8211; Les ensembles de nombres<\/h4>\n\n\n\n<ul class=\"wp-block-list\">\n<li><a href=\"https:\/\/app.wooflash.com\/join\/QM5NCKA6?from=1\">La th\u00e9orie<\/a><\/li>\n<\/ul>\n\n\n\n<h4 class=\"wp-block-heading\" id=\"1CCh2\">Chapitre 2 &#8211; Figures g\u00e9om\u00e9triques \u00e9l\u00e9mentaires<\/h4>\n\n\n\n<ul class=\"wp-block-list\">\n<li><a href=\"https:\/\/app.wooflash.com\/join\/7CU5P4ZK?from=1\">La th\u00e9orie<\/a><\/li>\n\n\n\n<li><a href=\"https:\/\/app.wooflash.com\/join\/E7GK2DRG?from=1\">En vid\u00e9o<\/a><\/li>\n\n\n\n<li><a href=\"https:\/\/app.wooflash.com\/join\/PZD4GHQS?from=1\">Exercices<\/a><\/li>\n<\/ul>\n\n\n\n<h4 class=\"wp-block-heading\" id=\"1CCh3\">Chapitre 3 &#8211; Diviseurs et multiples<\/h4>\n\n\n\n<ul class=\"wp-block-list\">\n<li><a href=\"https:\/\/app.wooflash.com\/join\/SDUSYZ56?from=1\">La th\u00e9orie<\/a><\/li>\n\n\n\n<li><a href=\"https:\/\/app.wooflash.com\/join\/XV8UW4PS?from=1\">En vid\u00e9o<\/a><\/li>\n\n\n\n<li><a href=\"https:\/\/app.wooflash.com\/join\/OQP2F7VM?from=1\">Exercices<\/a><\/li>\n<\/ul>\n\n\n\n<hr class=\"wp-block-separator has-alpha-channel-opacity is-style-wide\" style=\"margin-top:var(--wp--preset--spacing--60);margin-bottom:var(--wp--preset--spacing--60)\"\/>\n\n\n\n<h3 class=\"wp-block-heading\" id=\"2CM\">2\u00e8me commune<\/h3>\n\n\n\n<h4 class=\"wp-block-heading\" id=\"2CCh1\">Chapitre 1 &#8211; Les puissances<\/h4>\n\n\n\n<ul class=\"wp-block-list\">\n<li><a href=\"https:\/\/app.wooflash.com\/join\/17LVAA6J?from=1\">La th\u00e9orie<\/a><\/li>\n\n\n\n<li><a href=\"https:\/\/app.wooflash.com\/join\/DVKP9Q9V?from=1\">En vid\u00e9o<\/a><\/li>\n\n\n\n<li><a href=\"https:\/\/app.wooflash.com\/join\/JBW5TDWS?from=1\">Exercices<\/a> <\/li>\n<\/ul>\n\n\n\n<h4 class=\"wp-block-heading\" id=\"2CCh2\">Chapitre 2 &#8211; Les transformations du plan<\/h4>\n\n\n\n<ul class=\"wp-block-list\">\n<li><a href=\"https:\/\/app.wooflash.com\/join\/1ZLJJ6QZ?from=1\">La th\u00e9orie<\/a><\/li>\n\n\n\n<li><a href=\"https:\/\/app.wooflash.com\/join\/V9QQF5O1?from=1\">En vid\u00e9o<\/a><\/li>\n\n\n\n<li><a href=\"https:\/\/app.wooflash.com\/join\/82UPWNVQ?from=1\">Exercices<\/a><\/li>\n<\/ul>\n\n\n\n<h4 class=\"wp-block-heading\" id=\"2CCh3\">Ch3 &#8211; Autour de la divisibilit\u00e9<\/h4>\n\n\n\n<ul class=\"wp-block-list\">\n<li><a href=\"https:\/\/app.wooflash.com\/join\/7C04LWOP?from=1\">La th\u00e9orie<\/a><\/li>\n\n\n\n<li><a href=\"https:\/\/app.wooflash.com\/join\/57FIXFPG?from=1\">En vid\u00e9o<\/a><\/li>\n\n\n\n<li><a href=\"https:\/\/app.wooflash.com\/join\/FJ03X2TR?from=1\">Exercices<\/a><\/li>\n<\/ul>\n\n\n\n<h4 class=\"wp-block-heading\" id=\"2CCh4\">Ch4 &#8211; Les rationnels <\/h4>\n\n\n\n<ul class=\"wp-block-list\">\n<li><a href=\"https:\/\/app.wooflash.com\/join\/BP7QI0ZA?from=1\">La th\u00e9orie<\/a><\/li>\n\n\n\n<li><a href=\"https:\/\/app.wooflash.com\/join\/57V3W2N7?from=1\">En vid\u00e9o<\/a><\/li>\n<\/ul>\n\n\n\n<p><\/p>\n","protected":false},"excerpt":{"rendered":"<p>1\u00e8re commune Chapitre 1 &#8211; Les ensembles de nombres Chapitre 2 &#8211; Figures g\u00e9om\u00e9triques \u00e9l\u00e9mentaires Chapitre 3 &#8211; Diviseurs et multiples 2\u00e8me commune Chapitre 1 &#8211; Les puissances Chapitre 2 &#8211; Les transformations du plan Ch3 &#8211; Autour de la divisibilit\u00e9 Ch4 &#8211; Les rationnels<\/p>\n","protected":false},"author":2,"featured_media":0,"parent":0,"menu_order":0,"comment_status":"closed","ping_status":"closed","template":"","meta":{"footnotes":""},"class_list":["post-85","page","type-page","status-publish","hentry"],"_links":{"self":[{"href":"https:\/\/doapp.be\/index.php\/wp-json\/wp\/v2\/pages\/85","targetHints":{"allow":["GET"]}}],"collection":[{"href":"https:\/\/doapp.be\/index.php\/wp-json\/wp\/v2\/pages"}],"about":[{"href":"https:\/\/doapp.be\/index.php\/wp-json\/wp\/v2\/types\/page"}],"author":[{"embeddable":true,"href":"https:\/\/doapp.be\/index.php\/wp-json\/wp\/v2\/users\/2"}],"replies":[{"embeddable":true,"href":"https:\/\/doapp.be\/index.php\/wp-json\/wp\/v2\/comments?post=85"}],"version-history":[{"count":5,"href":"https:\/\/doapp.be\/index.php\/wp-json\/wp\/v2\/pages\/85\/revisions"}],"predecessor-version":[{"id":129,"href":"https:\/\/doapp.be\/index.php\/wp-json\/wp\/v2\/pages\/85\/revisions\/129"}],"wp:attachment":[{"href":"https:\/\/doapp.be\/index.php\/wp-json\/wp\/v2\/media?parent=85"}],"curies":[{"name":"wp","href":"https:\/\/api.w.org\/{rel}","templated":true}]}}